{"id":37,"date":"2017-02-16T12:27:33","date_gmt":"2017-02-16T12:27:33","guid":{"rendered":"http:\/\/reformasolagarroa.es\/?page_id=37"},"modified":"2017-02-16T13:54:57","modified_gmt":"2017-02-16T13:54:57","slug":"servicos","status":"publish","type":"page","link":"http:\/\/reformasolagarroa.es\/?page_id=37","title":{"rendered":"OBRA NUEVA"},"content":{"rendered":"<p><strong><u>Promoci\u00f3n de Obra Nueva y Servicios Inmobiliarios:<\/u><\/strong><\/p>\n<p>Empresa dedicada a la compraventa de Activos Inmobiliarios as\u00ed como a la promoci\u00f3n de Obra Nueva, gestionando toda la documentaci\u00f3n necesaria para la Venta, y haci\u00e9ndose cargo de la gesti\u00f3n con los posibles futuros compradores con el fin de optimizar al m\u00e1ximo el tiempo de nuestros clientes.<\/p>\n<p>Aparte de los Servicios Inmobiliarios est\u00e1ndares, contamos con el Valor a\u00f1adido de la confecci\u00f3n de un Estudio de Decoraci\u00f3n Integral, cuando el inmueble en venta as\u00ed lo requiera, bien porque as\u00ed lo solicite el vendedor o bien porque lo requiera el futuro comprador, con el fin de poder sacar al mercado Vivienda Usada controlando el total de la Inversi\u00f3n requerida por ambas partes.<\/p>\n<p>Se gestionaran Subvenciones tanto para la Rehabilitaci\u00f3n de Viviendas a t\u00edtulo personal, as\u00ed como de Comunidades de Propietarios, con el fin de ir adecuando a la Normativa ITE los Edificios que no dispongan de Ascensor, Arreglo de Fachadas y Cubiertas.<\/p>\n","protected":false},"excerpt":{"rendered":"<p>Promoci\u00f3n de Obra Nueva y Servicios Inmobiliarios: Empresa dedicada a la compraventa de Activos Inmobiliarios as\u00ed como a la promoci\u00f3n de Obra Nueva, gestionando toda la documentaci\u00f3n necesaria para la Venta, y haci\u00e9ndose cargo de la gesti\u00f3n con los posibles futuros compradores con el fin de optimizar al m\u00e1ximo el tiempo de nuestros clientes. Aparte &hellip; <a href=\"http:\/\/reformasolagarroa.es\/?page_id=37\" class=\"more-link\">Seguir leyendo <span class=\"screen-reader-text\">OBRA NUEVA<\/span> <span class=\"meta-nav\">&rarr;<\/span><\/a><\/p>\n","protected":false},"author":1,"featured_media":38,"parent":0,"menu_order":2,"comment_status":"closed","ping_status":"closed","template":"","meta":{"footnotes":""},"class_list":["post-37","page","type-page","status-publish","has-post-thumbnail","hentry"],"_links":{"self":[{"href":"http:\/\/reformasolagarroa.es\/index.php?rest_route=\/wp\/v2\/pages\/37","targetHints":{"allow":["GET"]}}],"collection":[{"href":"http:\/\/reformasolagarroa.es\/index.php?rest_route=\/wp\/v2\/pages"}],"about":[{"href":"http:\/\/reformasolagarroa.es\/index.php?rest_route=\/wp\/v2\/types\/page"}],"author":[{"embeddable":true,"href":"http:\/\/reformasolagarroa.es\/index.php?rest_route=\/wp\/v2\/users\/1"}],"replies":[{"embeddable":true,"href":"http:\/\/reformasolagarroa.es\/index.php?rest_route=%2Fwp%2Fv2%2Fcomments&post=37"}],"version-history":[{"count":4,"href":"http:\/\/reformasolagarroa.es\/index.php?rest_route=\/wp\/v2\/pages\/37\/revisions"}],"predecessor-version":[{"id":120,"href":"http:\/\/reformasolagarroa.es\/index.php?rest_route=\/wp\/v2\/pages\/37\/revisions\/120"}],"wp:featuredmedia":[{"embeddable":true,"href":"http:\/\/reformasolagarroa.es\/index.php?rest_route=\/wp\/v2\/media\/38"}],"wp:attachment":[{"href":"http:\/\/reformasolagarroa.es\/index.php?rest_route=%2Fwp%2Fv2%2Fmedia&parent=37"}],"curies":[{"name":"wp","href":"https:\/\/api.w.org\/{rel}","templated":true}]}}